{"id":5999,"date":"2022-10-23T10:26:38","date_gmt":"2022-10-23T10:26:38","guid":{"rendered":"http:\/\/montgalletinformatique.fr\/?post_type=product&#038;p=5999"},"modified":"2022-11-07T17:14:56","modified_gmt":"2022-11-07T17:14:56","slug":"coque-iphone-11-11-pro","status":"publish","type":"product","link":"https:\/\/montgalletinformatique.fr\/?product=coque-iphone-11-11-pro","title":{"rendered":"Coque iPhone 11\/11 Pro"},"content":{"rendered":"<div class=\"woocommerce-tabs wc-tabs-wrapper\">\n<div id=\"tab-description\" class=\"woocommerce-Tabs-panel woocommerce-Tabs-panel--description panel entry-content wc-tab\" role=\"tabpanel\" aria-labelledby=\"tab-title-description\">\n<p>On vous livre rapidement et gratuitement. En cas de panne, le produit est r\u00e9par\u00e9 sans frais. Si la r\u00e9paration n\u2019est pas possible, le produit est \u00e9chang\u00e9 \u00e0 un nouveau.<\/p>\n<\/div>\n<\/div>\n","protected":false},"excerpt":{"rendered":"<p><strong>Etat : Neuf<\/strong><\/p>\n","protected":false},"featured_media":6006,"comment_status":"open","ping_status":"closed","template":"","meta":{"site-sidebar-layout":"default","site-content-layout":"default","ast-site-content-layout":"default","site-content-style":"default","site-sidebar-style":"default","ast-global-header-display":"","ast-banner-title-visibility":"","ast-main-header-display":"","ast-hfb-above-header-display":"","ast-hfb-below-header-display":"","ast-hfb-mobile-header-display":"","site-post-title":"","ast-breadcrumbs-content":"","ast-featured-img":"","footer-sml-layout":"","ast-disable-related-posts":"","theme-transparent-header-meta":"default","adv-header-id-meta":"","stick-header-meta":"","header-above-stick-meta":"","header-main-stick-meta":"","header-below-stick-meta":"","astra-migrate-meta-layouts":"default","ast-page-background-enabled":"default","ast-page-background-meta":{"desktop":{"background-color":"","background-image":"","background-repeat":"repeat","background-position":"center center","background-size":"auto","background-attachment":"scroll","background-type":"","background-media":"","overlay-type":"","overlay-color":"","overlay-opacity":"","overlay-gradient":""},"tablet":{"background-color":"","background-image":"","background-repeat":"repeat","background-position":"center center","background-size":"auto","background-attachment":"scroll","background-type":"","background-media":"","overlay-type":"","overlay-color":"","overlay-opacity":"","overlay-gradient":""},"mobile":{"background-color":"","background-image":"","background-repeat":"repeat","background-position":"center center","background-size":"auto","background-attachment":"scroll","background-type":"","background-media":"","overlay-type":"","overlay-color":"","overlay-opacity":"","overlay-gradient":""}},"ast-content-background-meta":{"desktop":{"background-color":"var(--ast-global-color-5)","background-image":"","background-repeat":"repeat","background-position":"center center","background-size":"auto","background-attachment":"scroll","background-type":"","background-media":"","overlay-type":"","overlay-color":"","overlay-opacity":"","overlay-gradient":""},"tablet":{"background-color":"var(--ast-global-color-5)","background-image":"","background-repeat":"repeat","background-position":"center center","background-size":"auto","background-attachment":"scroll","background-type":"","background-media":"","overlay-type":"","overlay-color":"","overlay-opacity":"","overlay-gradient":""},"mobile":{"background-color":"var(--ast-global-color-5)","background-image":"","background-repeat":"repeat","background-position":"center center","background-size":"auto","background-attachment":"scroll","background-type":"","background-media":"","overlay-type":"","overlay-color":"","overlay-opacity":"","overlay-gradient":""}}},"product_brand":[],"product_cat":[59,104],"product_tag":[],"class_list":{"0":"post-5999","1":"product","2":"type-product","3":"status-publish","4":"has-post-thumbnail","6":"product_cat-accessories","7":"product_cat-coque","8":"desktop-align-left","9":"tablet-align-left","10":"mobile-align-left","12":"first","13":"instock","14":"taxable","15":"shipping-taxable","16":"purchasable","17":"product-type-variable"},"_links":{"self":[{"href":"https:\/\/montgalletinformatique.fr\/index.php?rest_route=\/wp\/v2\/product\/5999","targetHints":{"allow":["GET"]}}],"collection":[{"href":"https:\/\/montgalletinformatique.fr\/index.php?rest_route=\/wp\/v2\/product"}],"about":[{"href":"https:\/\/montgalletinformatique.fr\/index.php?rest_route=\/wp\/v2\/types\/product"}],"replies":[{"embeddable":true,"href":"https:\/\/montgalletinformatique.fr\/index.php?rest_route=%2Fwp%2Fv2%2Fcomments&post=5999"}],"version-history":[{"count":2,"href":"https:\/\/montgalletinformatique.fr\/index.php?rest_route=\/wp\/v2\/product\/5999\/revisions"}],"predecessor-version":[{"id":6282,"href":"https:\/\/montgalletinformatique.fr\/index.php?rest_route=\/wp\/v2\/product\/5999\/revisions\/6282"}],"wp:featuredmedia":[{"embeddable":true,"href":"https:\/\/montgalletinformatique.fr\/index.php?rest_route=\/wp\/v2\/media\/6006"}],"wp:attachment":[{"href":"https:\/\/montgalletinformatique.fr\/index.php?rest_route=%2Fwp%2Fv2%2Fmedia&parent=5999"}],"wp:term":[{"taxonomy":"product_brand","embeddable":true,"href":"https:\/\/montgalletinformatique.fr\/index.php?rest_route=%2Fwp%2Fv2%2Fproduct_brand&post=5999"},{"taxonomy":"product_cat","embeddable":true,"href":"https:\/\/montgalletinformatique.fr\/index.php?rest_route=%2Fwp%2Fv2%2Fproduct_cat&post=5999"},{"taxonomy":"product_tag","embeddable":true,"href":"https:\/\/montgalletinformatique.fr\/index.php?rest_route=%2Fwp%2Fv2%2Fproduct_tag&post=5999"}],"curies":[{"name":"wp","href":"https:\/\/api.w.org\/{rel}","templated":true}]}}