{"id":4878,"date":"2022-10-14T09:38:46","date_gmt":"2022-10-14T09:38:46","guid":{"rendered":"http:\/\/montgalletinformatique.fr\/?post_type=product&#038;p=4878"},"modified":"2025-11-01T09:13:58","modified_gmt":"2025-11-01T09:13:58","slug":"oppo-a93","status":"publish","type":"product","link":"https:\/\/montgalletinformatique.fr\/?product=oppo-a93","title":{"rendered":"Oppo A93"},"content":{"rendered":"<p>On vous livre rapidement et gratuitement. En cas de panne, le produit est r\u00e9par\u00e9 sans frais. Si la r\u00e9paration n\u2019est pas possible, le produit est \u00e9chang\u00e9 \u00e0 un nouveau.<\/p>\n","protected":false},"excerpt":{"rendered":"<p><strong>Etat : Neuf<\/strong><\/p>\n<div class=\"woocommerce-product-details__short-description\">\n<p><strong>Garantie : 12 mois<\/strong><\/p>\n<\/div>\n","protected":false},"featured_media":4901,"comment_status":"open","ping_status":"closed","template":"","meta":{"site-sidebar-layout":"default","site-content-layout":"default","ast-site-content-layout":"default","site-content-style":"default","site-sidebar-style":"default","ast-global-header-display":"","ast-banner-title-visibility":"","ast-main-header-display":"","ast-hfb-above-header-display":"","ast-hfb-below-header-display":"","ast-hfb-mobile-header-display":"","site-post-title":"","ast-breadcrumbs-content":"","ast-featured-img":"","footer-sml-layout":"","ast-disable-related-posts":"","theme-transparent-header-meta":"default","adv-header-id-meta":"","stick-header-meta":"","header-above-stick-meta":"","header-main-stick-meta":"","header-below-stick-meta":"","astra-migrate-meta-layouts":"default","ast-page-background-enabled":"default","ast-page-background-meta":{"desktop":{"background-color":"","background-image":"","background-repeat":"repeat","background-position":"center center","background-size":"auto","background-attachment":"scroll","background-type":"","background-media":"","overlay-type":"","overlay-color":"","overlay-opacity":"","overlay-gradient":""},"tablet":{"background-color":"","background-image":"","background-repeat":"repeat","background-position":"center center","background-size":"auto","background-attachment":"scroll","background-type":"","background-media":"","overlay-type":"","overlay-color":"","overlay-opacity":"","overlay-gradient":""},"mobile":{"background-color":"","background-image":"","background-repeat":"repeat","background-position":"center center","background-size":"auto","background-attachment":"scroll","background-type":"","background-media":"","overlay-type":"","overlay-color":"","overlay-opacity":"","overlay-gradient":""}},"ast-content-background-meta":{"desktop":{"background-color":"var(--ast-global-color-5)","background-image":"","background-repeat":"repeat","background-position":"center center","background-size":"auto","background-attachment":"scroll","background-type":"","background-media":"","overlay-type":"","overlay-color":"","overlay-opacity":"","overlay-gradient":""},"tablet":{"background-color":"var(--ast-global-color-5)","background-image":"","background-repeat":"repeat","background-position":"center center","background-size":"auto","background-attachment":"scroll","background-type":"","background-media":"","overlay-type":"","overlay-color":"","overlay-opacity":"","overlay-gradient":""},"mobile":{"background-color":"var(--ast-global-color-5)","background-image":"","background-repeat":"repeat","background-position":"center center","background-size":"auto","background-attachment":"scroll","background-type":"","background-media":"","overlay-type":"","overlay-color":"","overlay-opacity":"","overlay-gradient":""}}},"product_brand":[],"product_cat":[63,39],"product_tag":[],"class_list":{"0":"post-4878","1":"product","2":"type-product","3":"status-publish","4":"has-post-thumbnail","6":"product_cat-oppo","7":"product_cat-mobile","8":"desktop-align-left","9":"tablet-align-left","10":"mobile-align-left","12":"first","13":"outofstock","14":"featured","15":"taxable","16":"shipping-taxable","17":"purchasable","18":"product-type-variable","19":"has-default-attributes"},"_links":{"self":[{"href":"https:\/\/montgalletinformatique.fr\/index.php?rest_route=\/wp\/v2\/product\/4878","targetHints":{"allow":["GET"]}}],"collection":[{"href":"https:\/\/montgalletinformatique.fr\/index.php?rest_route=\/wp\/v2\/product"}],"about":[{"href":"https:\/\/montgalletinformatique.fr\/index.php?rest_route=\/wp\/v2\/types\/product"}],"replies":[{"embeddable":true,"href":"https:\/\/montgalletinformatique.fr\/index.php?rest_route=%2Fwp%2Fv2%2Fcomments&post=4878"}],"version-history":[{"count":5,"href":"https:\/\/montgalletinformatique.fr\/index.php?rest_route=\/wp\/v2\/product\/4878\/revisions"}],"predecessor-version":[{"id":6247,"href":"https:\/\/montgalletinformatique.fr\/index.php?rest_route=\/wp\/v2\/product\/4878\/revisions\/6247"}],"wp:featuredmedia":[{"embeddable":true,"href":"https:\/\/montgalletinformatique.fr\/index.php?rest_route=\/wp\/v2\/media\/4901"}],"wp:attachment":[{"href":"https:\/\/montgalletinformatique.fr\/index.php?rest_route=%2Fwp%2Fv2%2Fmedia&parent=4878"}],"wp:term":[{"taxonomy":"product_brand","embeddable":true,"href":"https:\/\/montgalletinformatique.fr\/index.php?rest_route=%2Fwp%2Fv2%2Fproduct_brand&post=4878"},{"taxonomy":"product_cat","embeddable":true,"href":"https:\/\/montgalletinformatique.fr\/index.php?rest_route=%2Fwp%2Fv2%2Fproduct_cat&post=4878"},{"taxonomy":"product_tag","embeddable":true,"href":"https:\/\/montgalletinformatique.fr\/index.php?rest_route=%2Fwp%2Fv2%2Fproduct_tag&post=4878"}],"curies":[{"name":"wp","href":"https:\/\/api.w.org\/{rel}","templated":true}]}}